{"id":7261,"date":"2024-06-19T21:55:35","date_gmt":"2024-06-19T21:55:35","guid":{"rendered":"https:\/\/innovatorsforum.pt\/?page_id=7261"},"modified":"2025-10-29T17:56:26","modified_gmt":"2025-10-29T17:56:26","slug":"sobre","status":"publish","type":"page","link":"https:\/\/innovatorsforum.pt\/en\/sobre\/","title":{"rendered":"About"},"content":{"rendered":"<div data-elementor-type=\"wp-page\" data-elementor-id=\"7261\" class=\"elementor elementor-7261\" data-elementor-post-type=\"page\">\n\t\t\t\t<div data-custom-animations=\"true\" data-ca-options=\"{&quot;addChildTimelines&quot;:false,&quot;trigger&quot;:&quot;firstChild&quot;,&quot;animationTarget&quot;:&quot;:scope  &gt; .elementor-element:not(.lqd-exclude-parent-ca) &gt; .elementor-widget-container, :scope  &gt; .elementor-widget-hub_fancy_heading .lqd-split-lines .lqd-lines .split-inner, :scope  &gt; .elementor-widget-hub_fancy_heading .lqd-split-words .lqd-words .split-inner, :scope  &gt; .elementor-widget-hub_fancy_heading .lqd-split-chars .lqd-chars .split-inner, :scope  &gt; .elementor-widget-hub_fancy_heading .lqd-adv-txt-fig, :scope  &gt; .elementor-widget-ld_custom_menu .lqd-fancy-menu &gt; ul &gt; li, :scope .e-con:not([data-parallax]) .elementor-element &gt; .elementor-widget-container, :scope .e-con:not([data-parallax]) .elementor-widget-hub_fancy_heading .lqd-split-lines .lqd-lines .split-inner, :scope .e-con:not([data-parallax]) .elementor-widget-hub_fancy_heading .lqd-split-words .lqd-words .split-inner, :scope .e-con:not([data-parallax]) .elementor-widget-hub_fancy_heading .lqd-split-chars .lqd-chars .split-inner, :scope .e-con:not([data-parallax]) .elementor-widget-ld_custom_menu .lqd-fancy-menu &gt; ul &gt; li&quot;,&quot;ease&quot;:[&quot;power4.out&quot;],&quot;initValues&quot;:{&quot;transformOrigin&quot;:&quot;50% 50% 0px&quot;},&quot;animations&quot;:{&quot;transformOrigin&quot;:&quot;50% 50% 0px&quot;}}\" class=\"elementor-element elementor-element-864c0d1 e-con-full e-flex e-con e-parent\" data-id=\"864c0d1\" data-element_type=\"container\" data-settings=\"{&quot;background_background&quot;:&quot;classic&quot;}\">\n\t\t<div data-custom-animations=\"true\" data-ca-options=\"{&quot;addChildTimelines&quot;:false,&quot;trigger&quot;:&quot;firstChild&quot;,&quot;animationTarget&quot;:&quot;:scope  &gt; .elementor-element:not(.lqd-exclude-parent-ca) &gt; .elementor-widget-container, :scope  &gt; .elementor-widget-hub_fancy_heading .lqd-split-lines .lqd-lines .split-inner, :scope  &gt; .elementor-widget-hub_fancy_heading .lqd-split-words .lqd-words .split-inner, :scope  &gt; .elementor-widget-hub_fancy_heading .lqd-split-chars .lqd-chars .split-inner, :scope  &gt; .elementor-widget-hub_fancy_heading .lqd-adv-txt-fig, :scope  &gt; .elementor-widget-ld_custom_menu .lqd-fancy-menu &gt; ul &gt; li, :scope .e-con:not([data-parallax]) .elementor-element &gt; .elementor-widget-container, :scope .e-con:not([data-parallax]) .elementor-widget-hub_fancy_heading .lqd-split-lines .lqd-lines .split-inner, :scope .e-con:not([data-parallax]) .elementor-widget-hub_fancy_heading .lqd-split-words .lqd-words .split-inner, :scope .e-con:not([data-parallax]) .elementor-widget-hub_fancy_heading .lqd-split-chars .lqd-chars .split-inner, :scope .e-con:not([data-parallax]) .elementor-widget-ld_custom_menu .lqd-fancy-menu &gt; ul &gt; li&quot;,&quot;ease&quot;:[&quot;power4.out&quot;],&quot;initValues&quot;:{&quot;y&quot;:&quot;100px&quot;,&quot;rotationY&quot;:-54,&quot;rotationZ&quot;:12,&quot;opacity&quot;:0,&quot;transformOrigin&quot;:&quot;120% 50% 0px&quot;},&quot;animations&quot;:{&quot;y&quot;:&quot;0px&quot;,&quot;rotationY&quot;:0,&quot;rotationZ&quot;:0,&quot;opacity&quot;:1,&quot;transformOrigin&quot;:&quot;50% 50% -80px&quot;}}\" class=\"elementor-element elementor-element-27f598f e-con-full e-flex e-con e-child\" data-id=\"27f598f\" data-element_type=\"container\">\n\t\t\t\t<div class=\"elementor-element elementor-element-8ef6748 elementor-absolute elementor-widget elementor-widget-heading\" data-id=\"8ef6748\" data-element_type=\"widget\" data-settings=\"{&quot;_position&quot;:&quot;absolute&quot;}\" data-widget_type=\"heading.default\">\n\t\t\t\t<div class=\"elementor-widget-container\">\n\t\t\t\t\t<h2 class=\"elementor-heading-title elementor-size-default\"><a href=\"#about-forum23\">FInd out more<\/a><\/h2>\t\t\t\t<\/div>\n\t\t\t\t<\/div>\n\t\t\t\t<div class=\"elementor-element elementor-element-eb7a311 elementor-absolute elementor-view-default elementor-widget elementor-widget-icon\" data-id=\"eb7a311\" data-element_type=\"widget\" data-settings=\"{&quot;_position&quot;:&quot;absolute&quot;}\" data-widget_type=\"icon.default\">\n\t\t\t\t<div class=\"elementor-widget-container\">\n\t\t\t\t\t\t\t<div class=\"elementor-icon-wrapper\">\n\t\t\t<a class=\"elementor-icon\" href=\"#IF\">\n\t\t\t<i aria-hidden=\"true\" class=\"lqd-icn-ess icon-ion-ios-arrow-down\"><\/i>\t\t\t<\/a>\n\t\t<\/div>\n\t\t\t\t\t\t<\/div>\n\t\t\t\t<\/div>\n\t\t\t\t<div class=\"elementor-element elementor-element-fbfeac0 elementor-widget__width-initial elementor-widget elementor-widget-image\" data-id=\"fbfeac0\" data-element_type=\"widget\" data-widget_type=\"image.default\">\n\t\t\t\t<div class=\"elementor-widget-container\">\n\t\t\t\t\t\t\t\t\t\t\t\t\t\t\t<img fetchpriority=\"high\" decoding=\"async\" width=\"8000\" height=\"4500\" src=\"data:image\/svg+xml;charset=utf-8,%3Csvg xmlns%3D&#039;http%3A%2F%2Fwww.w3.org%2F2000%2Fsvg&#039; viewBox%3D&#039;0 0 8000 4500&#039;%2F%3E\" class=\"attachment-full size-full wp-image-7957 ld-lazyload\" alt=\"\" data-src=\"https:\/\/innovatorsforum.pt\/wp-content\/uploads\/2025\/04\/logo-IF.png\" data-srcset=\"https:\/\/innovatorsforum.pt\/wp-content\/uploads\/2025\/04\/logo-IF.png 8000w, https:\/\/innovatorsforum.pt\/wp-content\/uploads\/2025\/04\/logo-IF-300x169.png 300w, https:\/\/innovatorsforum.pt\/wp-content\/uploads\/2025\/04\/logo-IF-1024x576.png 1024w, https:\/\/innovatorsforum.pt\/wp-content\/uploads\/2025\/04\/logo-IF-18x10.png 18w, https:\/\/innovatorsforum.pt\/wp-content\/uploads\/2025\/04\/logo-IF-1536x864.png 1536w, https:\/\/innovatorsforum.pt\/wp-content\/uploads\/2025\/04\/logo-IF-2048x1152.png 2048w\" data-sizes=\"(max-width: 8000px) 100vw, 8000px\" data-aspect=\"1.7777777777778\" \/>\t\t\t\t\t\t\t\t\t\t\t\t\t\t\t<\/div>\n\t\t\t\t<\/div>\n\t\t\t\t<\/div>\n\t\t\t\t<\/div>\n\t\t<div class=\"elementor-element elementor-element-6be0fe2 e-con-full e-flex e-con e-parent\" data-id=\"6be0fe2\" data-element_type=\"container\" id=\"IF\" data-settings=\"{&quot;background_background&quot;:&quot;classic&quot;}\">\n\t\t<div class=\"elementor-element elementor-element-00ac70f e-con-full e-flex e-con e-child\" data-id=\"00ac70f\" data-element_type=\"container\">\n\t\t\t\t<div class=\"elementor-element elementor-element-1f59b81 elementor-widget elementor-widget-hub_fancy_heading\" data-id=\"1f59b81\" data-element_type=\"widget\" data-widget_type=\"hub_fancy_heading.default\">\n\t\t\t\t<div class=\"elementor-widget-container\">\n\t\t\t\t\t\n\t\t<div id=\"ld-fancy-heading-69de243ec847e\" class=\"ld-fancy-heading pos-rel\">\n\t\t\t<h2 class=\"ld-fh-element d-inline-block pos-rel  elementor-heading-title lqd-highlight-classic lqd-highlight-grow-left h2\"  > What is the Innovators Forum?<\/h2>\t\t<\/div>\n\n\t\t\t\t\t\t<\/div>\n\t\t\t\t<\/div>\n\t\t\t\t<\/div>\n\t\t\t\t<\/div>\n\t\t<div class=\"elementor-element elementor-element-6a189b3 e-flex e-con-boxed e-con e-parent\" data-id=\"6a189b3\" data-element_type=\"container\" data-settings=\"{&quot;background_background&quot;:&quot;classic&quot;}\">\n\t\t\t\t\t<div class=\"e-con-inner\">\n\t\t<div class=\"elementor-element elementor-element-4a55ea0 e-con-full e-flex e-con e-child\" data-id=\"4a55ea0\" data-element_type=\"container\">\n\t\t\t\t<div class=\"elementor-element elementor-element-73f2c05 elementor-widget elementor-widget-text-editor\" data-id=\"73f2c05\" data-element_type=\"widget\" data-widget_type=\"text-editor.default\">\n\t\t\t\t<div class=\"elementor-widget-container\">\n\t\t\t\t\t\t\t\t\t<p>The\u00a0<strong>Innovators Forum powered by Sonae<\/strong>,  is a\u00a0<strong>living platform for knowledge sharing<\/strong>, where\u00a0<strong>visionary ideas are transformed into real impact<\/strong>. We believe that innovation should be accessible to everyone, and that true progress only happens when we\u00a0<strong>dare to think beyond the obvious<\/strong>.<\/p><p>At the Forum, <strong>we bring to the stage the ideas and themes shaping the world<\/strong>\u00a0and defining our future. Every year, we explore\u00a0<strong>a bold topic\u00a0<\/strong>that challenges the status quo,\u00a0<strong>bringing together brilliant minds<\/strong> \u2014 to exchange knowledge, share experiences, and inspire transformative solutions\u00a0<span style=\"letter-spacing: 0px;\">\u2013<\/span><span style=\"letter-spacing: 0px;\">\u00a0to <\/span><strong style=\"letter-spacing: 0px;\">exchange knowledge,<\/strong><span style=\"letter-spacing: 0px;\">\u00a0<\/span><strong style=\"letter-spacing: 0px;\">share experiences, and inspire transformative solutions<\/strong><span style=\"letter-spacing: 0px;\">.<\/span><\/p><p>If you believe in the power of innovation to change the world,\u00a0<strong>this is your space.<\/strong>\u00a0Join us, connect with the best, and be part of a revolution that\u2019s inspiring, innovating, and making an impact.<\/p><p>\ud83d\ude80\u00a0<strong>The future is built here. Are you ready to innovate with us?<\/strong><\/p>\t\t\t\t\t\t\t\t<\/div>\n\t\t\t\t<\/div>\n\t\t\t\t<\/div>\n\t\t<div class=\"elementor-element elementor-element-39b7e3c e-con-full e-flex e-con e-child\" data-id=\"39b7e3c\" data-element_type=\"container\">\n\t\t\t\t<div class=\"elementor-element elementor-element-3dce360 elementor-widget elementor-widget-ld_fancy_image\" data-id=\"3dce360\" data-element_type=\"widget\" data-widget_type=\"ld_fancy_image.default\">\n\t\t\t\t<div class=\"elementor-widget-container\">\n\t\t\t\t\t\n\t\t<div class=\"lqd-imggrp-single d-block pos-rel\">\n\t\t\t<div class=\"lqd-imggrp-img-container d-inline-flex pos-rel align-items-center justify-content-center\">\n\t\t\t\t\t\t\t\t<figure class=\"w-100 pos-rel\">\n\t\t\t\t\t<img decoding=\"async\" width=\"780\" height=\"908\" src=\"https:\/\/innovatorsforum.pt\/wp-content\/uploads\/2024\/05\/xZZwrAEYB4Im0COsLfaNMoc4mfyQ6JC7wqMR1yQ7-880x1024.png\" class=\"attachment-large size-large wp-image-6808\" alt=\"Inspirar. Inovar. Impactar.\" srcset=\"https:\/\/innovatorsforum.pt\/wp-content\/uploads\/2024\/05\/xZZwrAEYB4Im0COsLfaNMoc4mfyQ6JC7wqMR1yQ7-880x1024.png 880w, https:\/\/innovatorsforum.pt\/wp-content\/uploads\/2024\/05\/xZZwrAEYB4Im0COsLfaNMoc4mfyQ6JC7wqMR1yQ7-258x300.png 258w, https:\/\/innovatorsforum.pt\/wp-content\/uploads\/2024\/05\/xZZwrAEYB4Im0COsLfaNMoc4mfyQ6JC7wqMR1yQ7-10x12.png 10w, https:\/\/innovatorsforum.pt\/wp-content\/uploads\/2024\/05\/xZZwrAEYB4Im0COsLfaNMoc4mfyQ6JC7wqMR1yQ7.png 1237w\" sizes=\"(max-width: 780px) 100vw, 780px\" itemprop=\"image\" \/>\t\t\t\t\t\t\t\t\t\t\t\t\t\t\t\t\t\t\t\t\t\t\t\t\t\t\t\t\t<\/figure>\n\t\t\t<\/div>\n\t\t<\/div>\n\n\t\t\t\t\t<\/div>\n\t\t\t\t<\/div>\n\t\t\t\t<\/div>\n\t\t\t\t\t<\/div>\n\t\t\t\t<\/div>\n\t\t<div class=\"elementor-element elementor-element-1a7bc42 e-con-full e-flex e-con e-parent\" data-id=\"1a7bc42\" data-element_type=\"container\" data-settings=\"{&quot;background_background&quot;:&quot;classic&quot;}\">\n\t\t<div class=\"elementor-element elementor-element-ecd4331 e-con-full e-flex e-con e-child\" data-id=\"ecd4331\" data-element_type=\"container\">\n\t\t\t\t<div class=\"elementor-element elementor-element-10d239c elementor-widget elementor-widget-hub_fancy_heading\" data-id=\"10d239c\" data-element_type=\"widget\" data-widget_type=\"hub_fancy_heading.default\">\n\t\t\t\t<div class=\"elementor-widget-container\">\n\t\t\t\t\t\n\t\t<div id=\"ld-fancy-heading-69de243ecaec1\" class=\"ld-fancy-heading pos-rel\">\n\t\t\t<h2 class=\"ld-fh-element d-inline-block pos-rel  elementor-heading-title lqd-highlight-classic lqd-highlight-grow-left h2\"  > Previous Editions<\/h2>\t\t<\/div>\n\n\t\t\t\t\t\t<\/div>\n\t\t\t\t<\/div>\n\t\t\t\t<\/div>\n\t\t\t\t<\/div>\n\t\t<div class=\"elementor-element elementor-element-e68af54 e-grid e-con-full e-con e-parent\" data-id=\"e68af54\" data-element_type=\"container\" data-settings=\"{&quot;background_background&quot;:&quot;classic&quot;}\">\n\t\t<div class=\"elementor-element elementor-element-cf295cb e-con-full e-flex e-con e-child\" data-id=\"cf295cb\" data-element_type=\"container\">\n\t\t\t\t<div class=\"elementor-element elementor-element-84d1bd5 elementor-widget elementor-widget-image\" data-id=\"84d1bd5\" data-element_type=\"widget\" data-widget_type=\"image.default\">\n\t\t\t\t<div class=\"elementor-widget-container\">\n\t\t\t\t\t\t\t\t\t\t\t\t\t\t\t<img decoding=\"async\" width=\"300\" height=\"54\" src=\"data:image\/svg+xml;charset=utf-8,%3Csvg xmlns%3D&#039;http%3A%2F%2Fwww.w3.org%2F2000%2Fsvg&#039; viewBox%3D&#039;0 0 300 54&#039;%2F%3E\" class=\"attachment-medium size-medium wp-image-7999 ld-lazyload\" alt=\"Logo Innovators Forum 2024\" data-src=\"https:\/\/innovatorsforum.pt\/wp-content\/uploads\/2025\/04\/IF_24_logo-300x54.png\" data-srcset=\"https:\/\/innovatorsforum.pt\/wp-content\/uploads\/2025\/04\/IF_24_logo-300x54.png 300w, https:\/\/innovatorsforum.pt\/wp-content\/uploads\/2025\/04\/IF_24_logo-1024x183.png 1024w, https:\/\/innovatorsforum.pt\/wp-content\/uploads\/2025\/04\/IF_24_logo-18x3.png 18w, https:\/\/innovatorsforum.pt\/wp-content\/uploads\/2025\/04\/IF_24_logo-1140x207.png 1140w, https:\/\/innovatorsforum.pt\/wp-content\/uploads\/2025\/04\/IF_24_logo.png 1158w\" data-sizes=\"(max-width: 300px) 100vw, 300px\" data-aspect=\"5.5555555555556\" \/>\t\t\t\t\t\t\t\t\t\t\t\t\t\t\t<\/div>\n\t\t\t\t<\/div>\n\t\t\t\t<div class=\"elementor-element elementor-element-ec152b4 elementor-widget elementor-widget-text-editor\" data-id=\"ec152b4\" data-element_type=\"widget\" data-widget_type=\"text-editor.default\">\n\t\t\t\t<div class=\"elementor-widget-container\">\n\t\t\t\t\t\t\t\t\t<p>\u00a0<\/p><p>\u00a0<strong>In <a href=\"https:\/\/innovatorsforum.pt\/en\/innovators-forum24\/\">it's second edition<\/a> the Innovators Forum placed Circularity at the heart of the conversation.<\/strong><\/p><p>Visionary innovators such as <strong>Gunter Pauli, Anders Ahlen, Ivone Bojoh <\/strong>took to the stage to share bold perspectives and transformative solutions. It became a space for inspiration and collective action <b><span lang=\"EN-US\">\u2014 <\/span><\/b>where we championed new approaches to regenerative design, business model innovation, and value chain transformation.<\/p><p><strong> More than just a forum of ideas, we sparked a movement with real-world impact.<\/strong><\/p>\t\t\t\t\t\t\t\t<\/div>\n\t\t\t\t<\/div>\n\t\t\t\t<\/div>\n\t\t<div class=\"elementor-element elementor-element-eba23b0 e-con-full e-flex e-con e-child\" data-id=\"eba23b0\" data-element_type=\"container\">\n\t\t\t\t<div class=\"elementor-element elementor-element-777088e elementor-widget elementor-widget-video\" data-id=\"777088e\" data-element_type=\"widget\" data-settings=\"{&quot;youtube_url&quot;:&quot;https:\\\/\\\/www.youtube.com\\\/watch?v=W_KxxKRAH50&quot;,&quot;video_type&quot;:&quot;youtube&quot;,&quot;controls&quot;:&quot;yes&quot;}\" data-widget_type=\"video.default\">\n\t\t\t\t<div class=\"elementor-widget-container\">\n\t\t\t\t\t\t\t<div class=\"elementor-wrapper elementor-open-inline\">\n\t\t\t<div class=\"elementor-video\"><\/div>\t\t<\/div>\n\t\t\t\t\t\t<\/div>\n\t\t\t\t<\/div>\n\t\t\t\t<\/div>\n\t\t\t\t<\/div>\n\t\t<div class=\"elementor-element elementor-element-767f6c3 e-grid e-con-full e-con e-parent\" data-id=\"767f6c3\" data-element_type=\"container\" data-settings=\"{&quot;background_background&quot;:&quot;classic&quot;}\">\n\t\t<div class=\"elementor-element elementor-element-bd2088f e-con-full e-flex e-con e-child\" data-id=\"bd2088f\" data-element_type=\"container\">\n\t\t\t\t<div class=\"elementor-element elementor-element-3867c5e elementor-widget elementor-widget-video\" data-id=\"3867c5e\" data-element_type=\"widget\" data-settings=\"{&quot;youtube_url&quot;:&quot;https:\\\/\\\/www.youtube.com\\\/watch?v=8SL1Zb1h738&quot;,&quot;video_type&quot;:&quot;youtube&quot;,&quot;controls&quot;:&quot;yes&quot;}\" data-widget_type=\"video.default\">\n\t\t\t\t<div class=\"elementor-widget-container\">\n\t\t\t\t\t\t\t<div class=\"elementor-wrapper elementor-open-inline\">\n\t\t\t<div class=\"elementor-video\"><\/div>\t\t<\/div>\n\t\t\t\t\t\t<\/div>\n\t\t\t\t<\/div>\n\t\t\t\t<\/div>\n\t\t<div class=\"elementor-element elementor-element-b061446 e-con-full e-flex e-con e-child\" data-id=\"b061446\" data-element_type=\"container\">\n\t\t\t\t<div class=\"elementor-element elementor-element-c258100 elementor-widget elementor-widget-image\" data-id=\"c258100\" data-element_type=\"widget\" data-widget_type=\"image.default\">\n\t\t\t\t<div class=\"elementor-widget-container\">\n\t\t\t\t\t\t\t\t\t\t\t\t\t\t\t<img loading=\"lazy\" decoding=\"async\" width=\"277\" height=\"49\" src=\"https:\/\/innovatorsforum.pt\/wp-content\/uploads\/2024\/05\/LogoEventoIFE_IFE-H-04.svg\" class=\"attachment-medium size-medium wp-image-7142\" alt=\"Logo Innovators Forum 2023\" \/>\t\t\t\t\t\t\t\t\t\t\t\t\t\t\t<\/div>\n\t\t\t\t<\/div>\n\t\t\t\t<div class=\"elementor-element elementor-element-7f99b2c elementor-widget elementor-widget-text-editor\" data-id=\"7f99b2c\" data-element_type=\"widget\" data-widget_type=\"text-editor.default\">\n\t\t\t\t<div class=\"elementor-widget-container\">\n\t\t\t\t\t\t\t\t\t<p>\u00a0<\/p><p><strong>In <a href=\"https:\/\/innovatorsforum.pt\/en\/innovators-forum23\/\">it's first edition, <\/a>the Innovators Forum focused on reimagining the<\/strong> <strong>Education of the future<\/strong>.<\/p><p>We welcomed visionary speakers such as <strong>Dr. David Kellermann<\/strong> and <strong>Sugata Mitra<\/strong> and hosted inspiring conversations that challenged conventional thinking. By driving a movement for transformation, we brought together thinkers, teachers, students, businesses, social investors, NGOs, and the public sector to explore this vital topic \u2014 with the goal of sparking actions that create meaningful and positive impact.\u00a0<\/p>\t\t\t\t\t\t\t\t<\/div>\n\t\t\t\t<\/div>\n\t\t\t\t<\/div>\n\t\t\t\t<\/div>\n\t\t\t\t<\/div>","protected":false},"excerpt":{"rendered":"<p>Ver mais O que \u00e9 o Innovators Forum? O\u00a0Innovators Forum powered by Sonae, \u00e9 uma\u00a0plataforma viva de partilha de conhecimento, onde\u00a0ideias vision\u00e1rias se transformam em impacto real. Acreditamos que a inova\u00e7\u00e3o deve ser acess\u00edvel a todos e que o progresso s\u00f3 acontece quando nos\u00a0desafiamos a pensar al\u00e9m do \u00f3bvio. Neste forum, trazemos a palco\u00a0os temas [&hellip;]<\/p>","protected":false},"author":2,"featured_media":0,"parent":0,"menu_order":0,"comment_status":"closed","ping_status":"closed","template":"","meta":{"_acf_changed":false,"footnotes":""},"class_list":["post-7261","page","type-page","status-publish","hentry"],"acf":[],"_links":{"self":[{"href":"https:\/\/innovatorsforum.pt\/en\/wp-json\/wp\/v2\/pages\/7261","targetHints":{"allow":["GET"]}}],"collection":[{"href":"https:\/\/innovatorsforum.pt\/en\/wp-json\/wp\/v2\/pages"}],"about":[{"href":"https:\/\/innovatorsforum.pt\/en\/wp-json\/wp\/v2\/types\/page"}],"author":[{"embeddable":true,"href":"https:\/\/innovatorsforum.pt\/en\/wp-json\/wp\/v2\/users\/2"}],"replies":[{"embeddable":true,"href":"https:\/\/innovatorsforum.pt\/en\/wp-json\/wp\/v2\/comments?post=7261"}],"version-history":[{"count":114,"href":"https:\/\/innovatorsforum.pt\/en\/wp-json\/wp\/v2\/pages\/7261\/revisions"}],"predecessor-version":[{"id":9938,"href":"https:\/\/innovatorsforum.pt\/en\/wp-json\/wp\/v2\/pages\/7261\/revisions\/9938"}],"wp:attachment":[{"href":"https:\/\/innovatorsforum.pt\/en\/wp-json\/wp\/v2\/media?parent=7261"}],"curies":[{"name":"wp","href":"https:\/\/api.w.org\/{rel}","templated":true}]}}